
{"id":5506,"date":"2021-08-11T16:07:41","date_gmt":"2021-08-11T14:07:41","guid":{"rendered":"https:\/\/laiteriedebelfaux.ch\/?post_type=product&#038;p=5506"},"modified":"2024-02-09T13:34:16","modified_gmt":"2024-02-09T12:34:16","slug":"laudacieux","status":"publish","type":"product","link":"https:\/\/shop.laiteriedebelfaux.ch\/de\/produit\/laudacieux\/","title":{"rendered":"L&#8217;Audacieux"},"content":{"rendered":"<p><img loading=\"lazy\" decoding=\"async\" class=\"wp-image-5537 alignleft\" src=\"https:\/\/shop.laiteriedebelfaux.ch\/newsite2018\/wp-content\/uploads\/2021\/08\/Logo-Fromage-LAudacieux-00B-300x300.png\" alt=\"\" width=\"220\" height=\"220\" srcset=\"https:\/\/shop.laiteriedebelfaux.ch\/newsite2018\/wp-content\/uploads\/2021\/08\/Logo-Fromage-LAudacieux-00B-300x300.png 300w, https:\/\/shop.laiteriedebelfaux.ch\/newsite2018\/wp-content\/uploads\/2021\/08\/Logo-Fromage-LAudacieux-00B-100x100.png 100w, https:\/\/shop.laiteriedebelfaux.ch\/newsite2018\/wp-content\/uploads\/2021\/08\/Logo-Fromage-LAudacieux-00B-600x600.png 600w, https:\/\/shop.laiteriedebelfaux.ch\/newsite2018\/wp-content\/uploads\/2021\/08\/Logo-Fromage-LAudacieux-00B-1024x1024.png 1024w, https:\/\/shop.laiteriedebelfaux.ch\/newsite2018\/wp-content\/uploads\/2021\/08\/Logo-Fromage-LAudacieux-00B-150x150.png 150w, https:\/\/shop.laiteriedebelfaux.ch\/newsite2018\/wp-content\/uploads\/2021\/08\/Logo-Fromage-LAudacieux-00B-768x768.png 768w, https:\/\/shop.laiteriedebelfaux.ch\/newsite2018\/wp-content\/uploads\/2021\/08\/Logo-Fromage-LAudacieux-00B-96x96.png 96w, https:\/\/shop.laiteriedebelfaux.ch\/newsite2018\/wp-content\/uploads\/2021\/08\/Logo-Fromage-LAudacieux-00B-42x42.png 42w, https:\/\/shop.laiteriedebelfaux.ch\/newsite2018\/wp-content\/uploads\/2021\/08\/Logo-Fromage-LAudacieux-00B-1536x1536.png 1536w, https:\/\/shop.laiteriedebelfaux.ch\/newsite2018\/wp-content\/uploads\/2021\/08\/Logo-Fromage-LAudacieux-00B-2048x2048.png 2048w, https:\/\/shop.laiteriedebelfaux.ch\/newsite2018\/wp-content\/uploads\/2021\/08\/Logo-Fromage-LAudacieux-00B-1170x1170.png 1170w, https:\/\/shop.laiteriedebelfaux.ch\/newsite2018\/wp-content\/uploads\/2021\/08\/Logo-Fromage-LAudacieux-00B-870x870.png 870w, https:\/\/shop.laiteriedebelfaux.ch\/newsite2018\/wp-content\/uploads\/2021\/08\/Logo-Fromage-LAudacieux-00B-390x390.png 390w, https:\/\/shop.laiteriedebelfaux.ch\/newsite2018\/wp-content\/uploads\/2021\/08\/Logo-Fromage-LAudacieux-00B-75x75.png 75w\" sizes=\"auto, (max-width: 220px) 100vw, 220px\" \/><\/p>\n<p>L&#8217;Audacieux ist ein Halbhartk\u00e4se, der aus thermisierter Milch, Apfelsaft sowie mit viel Liebe hergestellt wird.<\/p>\n<p>Die Milch wird zweimal t\u00e4glich bei den Landwirten der Region Grolley abgeholt. Die \u00c4pfel werden sorgf\u00e4ltig ausgew\u00e4hlt und von &#8220;Le Pressoir du Belmont&#8221; in Montagny-la-Ville gepresst.<\/p>\n<p>Dieser K\u00e4se hat einen charaktervollen Geschmack mit fruchtigen Noten, welcher durch die 2.5 bis 3 Monate andauernde Reifung verliehen wird. Dies bedingt Sorgfalt und die Beherrschung des Herstellungsprozesses, welche diesem schmackhaften K\u00e4se die zarte und geschmeidige Textur verleihen.<\/p>\n<p>L&#8217;Audacieux ist eine Kombination aus erstklassiger Milch und schmackhaften \u00c4pfeln aus der Region Freiburg, sowie der Verbindung von Fachwissen und dem Willen zur Innovation.<\/p>\n<p>&nbsp;<\/p>\n","protected":false},"excerpt":{"rendered":"<p>Im Offenverkauf<\/p>\n<p><span class=\"prix-kg\">CHF 3.15 \/ 100 g<\/span><\/p>\n<p>Mit Apfelsaft<\/p>\n<p>K\u00e4se mit Charakter und fruchtigem Geschmack<\/p>\n<p>&nbsp;<\/p>\n","protected":false},"featured_media":7878,"template":"","meta":[],"product_brand":[],"product_cat":[171,167],"product_tag":[176,174],"class_list":{"0":"post-5506","1":"product","2":"type-product","3":"status-publish","4":"has-post-thumbnail","6":"product_cat-halbhartkasesorten","7":"product_cat-schweizer-kase","8":"product_tag-halbhart","9":"product_tag-schweiz","10":"product_shipping_class-forfaitaire-de","12":"first","13":"instock","14":"shipping-taxable","15":"purchasable","16":"product-type-variable"},"_links":{"self":[{"href":"https:\/\/shop.laiteriedebelfaux.ch\/de\/wp-json\/wp\/v2\/product\/5506","targetHints":{"allow":["GET"]}}],"collection":[{"href":"https:\/\/shop.laiteriedebelfaux.ch\/de\/wp-json\/wp\/v2\/product"}],"about":[{"href":"https:\/\/shop.laiteriedebelfaux.ch\/de\/wp-json\/wp\/v2\/types\/product"}],"wp:featuredmedia":[{"embeddable":true,"href":"https:\/\/shop.laiteriedebelfaux.ch\/de\/wp-json\/wp\/v2\/media\/7878"}],"wp:attachment":[{"href":"https:\/\/shop.laiteriedebelfaux.ch\/de\/wp-json\/wp\/v2\/media?parent=5506"}],"wp:term":[{"taxonomy":"product_brand","embeddable":true,"href":"https:\/\/shop.laiteriedebelfaux.ch\/de\/wp-json\/wp\/v2\/product_brand?post=5506"},{"taxonomy":"product_cat","embeddable":true,"href":"https:\/\/shop.laiteriedebelfaux.ch\/de\/wp-json\/wp\/v2\/product_cat?post=5506"},{"taxonomy":"product_tag","embeddable":true,"href":"https:\/\/shop.laiteriedebelfaux.ch\/de\/wp-json\/wp\/v2\/product_tag?post=5506"}],"curies":[{"name":"wp","href":"https:\/\/api.w.org\/{rel}","templated":true}]}}