
{"id":4916,"date":"2021-02-09T14:52:52","date_gmt":"2021-02-09T13:52:59","guid":{"rendered":"https:\/\/laiteriedebelfaux.ch\/?post_type=product&#038;p=4916"},"modified":"2024-01-29T09:22:36","modified_gmt":"2024-01-29T08:22:36","slug":"hausgemachtes-raclette-mit-pfeffer-copie-2","status":"publish","type":"product","link":"https:\/\/shop.laiteriedebelfaux.ch\/de\/produit\/hausgemachtes-raclette-mit-pfeffer-copie-2\/","title":{"rendered":"Hausgemachtes Raclette Knoblauch"},"content":{"rendered":"<p><strong>Beschreibung<\/strong> Die ausgezeichnete Qualit\u00e4t der Milch von K\u00fchen, die im Sommer mit Gras und im Winter mit Heu gef\u00fcttert werden, und die Erfahrung unserer K\u00e4sermeister garantieren einen au\u00dfergew\u00f6hnlichen, weichen und cremigen K\u00e4se.<\/p>\n","protected":false},"excerpt":{"rendered":"<p>in Scheiben CHF 2.80 \/ 100 g<\/p>\n<p>3 Monate Reifezeit: vollmundig<\/p>\n","protected":false},"featured_media":5485,"template":"","meta":[],"product_brand":[],"product_cat":[171,166,167],"product_tag":[173,182,180,174],"class_list":{"0":"post-4916","1":"product","2":"type-product","3":"status-publish","4":"has-post-thumbnail","6":"product_cat-halbhartkasesorten","7":"product_cat-kase-aus-belfaux","8":"product_cat-schweizer-kase","9":"product_tag-belfaux-de","10":"product_tag-kuh","11":"product_tag-raclette-de","12":"product_tag-schweiz","13":"product_shipping_class-forfaitaire-de","15":"first","16":"instock","17":"shipping-taxable","18":"purchasable","19":"product-type-variable"},"_links":{"self":[{"href":"https:\/\/shop.laiteriedebelfaux.ch\/de\/wp-json\/wp\/v2\/product\/4916","targetHints":{"allow":["GET"]}}],"collection":[{"href":"https:\/\/shop.laiteriedebelfaux.ch\/de\/wp-json\/wp\/v2\/product"}],"about":[{"href":"https:\/\/shop.laiteriedebelfaux.ch\/de\/wp-json\/wp\/v2\/types\/product"}],"wp:featuredmedia":[{"embeddable":true,"href":"https:\/\/shop.laiteriedebelfaux.ch\/de\/wp-json\/wp\/v2\/media\/5485"}],"wp:attachment":[{"href":"https:\/\/shop.laiteriedebelfaux.ch\/de\/wp-json\/wp\/v2\/media?parent=4916"}],"wp:term":[{"taxonomy":"product_brand","embeddable":true,"href":"https:\/\/shop.laiteriedebelfaux.ch\/de\/wp-json\/wp\/v2\/product_brand?post=4916"},{"taxonomy":"product_cat","embeddable":true,"href":"https:\/\/shop.laiteriedebelfaux.ch\/de\/wp-json\/wp\/v2\/product_cat?post=4916"},{"taxonomy":"product_tag","embeddable":true,"href":"https:\/\/shop.laiteriedebelfaux.ch\/de\/wp-json\/wp\/v2\/product_tag?post=4916"}],"curies":[{"name":"wp","href":"https:\/\/api.w.org\/{rel}","templated":true}]}}