
{"id":3967,"date":"2020-06-17T15:45:32","date_gmt":"2020-06-17T13:45:38","guid":{"rendered":"https:\/\/laiteriedebelfaux.ch\/?post_type=product&#038;p=3967"},"modified":"2023-02-21T10:58:08","modified_gmt":"2023-02-21T09:58:08","slug":"fonduemischung-mit-morcheln-copie-2","status":"publish","type":"product","link":"https:\/\/shop.laiteriedebelfaux.ch\/de\/produit\/fonduemischung-mit-morcheln-copie-2\/","title":{"rendered":"Fondue mit 0.2% Tr\u00fcffeln"},"content":{"rendered":"<p>Ein geselliges Essen, bestehend aus Vacherin Fribourgeois AOP, Gruy\u00e8re AOP und Tr\u00fcffeln. Sie verleihen einem traditionellen Gericht eine originelle Note.<\/p>\n<p><strong>Rezept\u00a0f\u00fcr\u00a0 1 Person : \u00a0<\/strong><\/p>\n<p>200g\u00a0Fonduemischung<\/p>\n<p>0.6 dl\u00a0 trockenen Weisswein<\/p>\n<p>Den Wein\u00a0 in einem Caquelon langsam erw\u00e4rmen, die Fonduemischung beigeben und unter st\u00e4ndigem R\u00fchren zu einer s\u00e4migen Creme aufkochen.<\/p>\n<p>Nach Belieben mit etwas Pfeffer w\u00fcrzen.<\/p>\n<p>Ist das Fondue zu dickfl\u00fcssig, wenig Weisswein oder warmes Wasser beigeben. Den Caquelon auf ein Rechaud, bei mittlerer Flamme, stellen.<\/p>\n","protected":false},"excerpt":{"rendered":"<p>CHF 4.00 \/ 100 g<\/p>\n<p>K\u00e4sezubereitung f\u00fcr Fondue mit 0.2 % Tr\u00fcffeln<\/p>\n<p>K\u00f6stlich, geschmeidig, einfach zuzubereiten. Der Geschmack von Tr\u00fcffeln bringt einen neuen, unerwarteten Geschmack, den Liebhaber von Variation interessieren wird.<\/p>\n","protected":false},"featured_media":7565,"template":"","meta":[],"product_brand":[],"product_cat":[168,166,167],"product_tag":[173,179,182,174],"class_list":{"0":"post-3967","1":"product","2":"type-product","3":"status-publish","4":"has-post-thumbnail","6":"product_cat-hausgemachte-fonduemischungen","7":"product_cat-kase-aus-belfaux","8":"product_cat-schweizer-kase","9":"product_tag-belfaux-de","10":"product_tag-fonduemischung","11":"product_tag-kuh","12":"product_tag-schweiz","13":"product_shipping_class-forfaitaire-de","15":"first","16":"instock","17":"shipping-taxable","18":"purchasable","19":"product-type-variable"},"_links":{"self":[{"href":"https:\/\/shop.laiteriedebelfaux.ch\/de\/wp-json\/wp\/v2\/product\/3967","targetHints":{"allow":["GET"]}}],"collection":[{"href":"https:\/\/shop.laiteriedebelfaux.ch\/de\/wp-json\/wp\/v2\/product"}],"about":[{"href":"https:\/\/shop.laiteriedebelfaux.ch\/de\/wp-json\/wp\/v2\/types\/product"}],"wp:featuredmedia":[{"embeddable":true,"href":"https:\/\/shop.laiteriedebelfaux.ch\/de\/wp-json\/wp\/v2\/media\/7565"}],"wp:attachment":[{"href":"https:\/\/shop.laiteriedebelfaux.ch\/de\/wp-json\/wp\/v2\/media?parent=3967"}],"wp:term":[{"taxonomy":"product_brand","embeddable":true,"href":"https:\/\/shop.laiteriedebelfaux.ch\/de\/wp-json\/wp\/v2\/product_brand?post=3967"},{"taxonomy":"product_cat","embeddable":true,"href":"https:\/\/shop.laiteriedebelfaux.ch\/de\/wp-json\/wp\/v2\/product_cat?post=3967"},{"taxonomy":"product_tag","embeddable":true,"href":"https:\/\/shop.laiteriedebelfaux.ch\/de\/wp-json\/wp\/v2\/product_tag?post=3967"}],"curies":[{"name":"wp","href":"https:\/\/api.w.org\/{rel}","templated":true}]}}