
{"id":3255,"date":"2019-02-11T11:44:21","date_gmt":"2019-02-11T10:44:21","guid":{"rendered":"https:\/\/laiteriedebelfaux.ch\/produit\/tomme-moleson-mit-schnittlauch-und-schalotten\/"},"modified":"2023-03-07T17:24:27","modified_gmt":"2023-03-07T16:24:27","slug":"tomme-moleson-mit-schnittlauch-und-schalotten","status":"publish","type":"product","link":"https:\/\/shop.laiteriedebelfaux.ch\/de\/produit\/tomme-moleson-mit-schnittlauch-und-schalotten\/","title":{"rendered":"Tomme Mol\u00e9son mit Schnittlauch und Schalotten"},"content":{"rendered":"<p>Dieser Tomme aus thermisierter Kuhmilch wird von der Mol\u00e9son-K\u00e4serei in Orsonnens hergestellt.<\/p>\n<p>Sein Teig ist geschmeidig und cremig.<\/p>\n<p>Dieser kleine K\u00e4se ist ideal f\u00fcr Aperitifplatten. Leicht zu transportieren, k\u00f6nnen sie ihn auch auf ihre Bergtour mitnehmen.<\/p>\n","protected":false},"excerpt":{"rendered":"<p>am St\u00fcck<\/p>\n<p><span class=\"prix-kg\">CHF 6.60<\/span><\/p>\n<p><span class=\"st\">\u00a0<\/span><\/p>\n","protected":false},"featured_media":7529,"template":"","meta":[],"product_brand":[],"product_cat":[167,172],"product_tag":[182,174,177],"class_list":{"0":"post-3255","1":"product","2":"type-product","3":"status-publish","4":"has-post-thumbnail","6":"product_cat-schweizer-kase","7":"product_cat-weichkase","8":"product_tag-kuh","9":"product_tag-schweiz","10":"product_tag-weich","11":"product_shipping_class-forfaitaire-de","13":"first","14":"instock","15":"shipping-taxable","16":"purchasable","17":"product-type-simple"},"_links":{"self":[{"href":"https:\/\/shop.laiteriedebelfaux.ch\/de\/wp-json\/wp\/v2\/product\/3255","targetHints":{"allow":["GET"]}}],"collection":[{"href":"https:\/\/shop.laiteriedebelfaux.ch\/de\/wp-json\/wp\/v2\/product"}],"about":[{"href":"https:\/\/shop.laiteriedebelfaux.ch\/de\/wp-json\/wp\/v2\/types\/product"}],"wp:featuredmedia":[{"embeddable":true,"href":"https:\/\/shop.laiteriedebelfaux.ch\/de\/wp-json\/wp\/v2\/media\/7529"}],"wp:attachment":[{"href":"https:\/\/shop.laiteriedebelfaux.ch\/de\/wp-json\/wp\/v2\/media?parent=3255"}],"wp:term":[{"taxonomy":"product_brand","embeddable":true,"href":"https:\/\/shop.laiteriedebelfaux.ch\/de\/wp-json\/wp\/v2\/product_brand?post=3255"},{"taxonomy":"product_cat","embeddable":true,"href":"https:\/\/shop.laiteriedebelfaux.ch\/de\/wp-json\/wp\/v2\/product_cat?post=3255"},{"taxonomy":"product_tag","embeddable":true,"href":"https:\/\/shop.laiteriedebelfaux.ch\/de\/wp-json\/wp\/v2\/product_tag?post=3255"}],"curies":[{"name":"wp","href":"https:\/\/api.w.org\/{rel}","templated":true}]}}