
{"id":3254,"date":"2019-02-11T11:37:23","date_gmt":"2019-02-11T10:37:23","guid":{"rendered":"https:\/\/laiteriedebelfaux.ch\/produit\/tomme-moleson-mit-barlauchfullung\/"},"modified":"2023-03-07T17:22:50","modified_gmt":"2023-03-07T16:22:50","slug":"tomme-moleson-mit-barlauchfullung","status":"publish","type":"product","link":"https:\/\/shop.laiteriedebelfaux.ch\/de\/produit\/tomme-moleson-mit-barlauchfullung\/","title":{"rendered":"Tomme Mol\u00e9son mit B\u00e4rlauchf\u00fcllung"},"content":{"rendered":"<p>Dieser Tomme aus thermisierter Kuhmilch wird von der Mol\u00e9son-K\u00e4serei in Orsonnens hergestellt. Sein Teig ist geschmeidig und cremig. Dieser kleine K\u00e4se ist ideal f\u00fcr Aperitifplatten. Leicht zu transportieren, k\u00f6nnen sie ihn auch auf ihre Bergtour mitnehmen.<\/p>\n","protected":false},"excerpt":{"rendered":"<p>am St\u00fcck<\/p>\n<p><span class=\"prix-kg\">CHF 6.60<\/span><\/p>\n<p><span class=\"st\">Fr\u00fchlingsk\u00e4se<\/span><\/p>\n","protected":false},"featured_media":7542,"template":"","meta":[],"product_brand":[],"product_cat":[167,172],"product_tag":[182,174,177],"class_list":{"0":"post-3254","1":"product","2":"type-product","3":"status-publish","4":"has-post-thumbnail","6":"product_cat-schweizer-kase","7":"product_cat-weichkase","8":"product_tag-kuh","9":"product_tag-schweiz","10":"product_tag-weich","11":"product_shipping_class-forfaitaire-de","13":"first","14":"instock","15":"shipping-taxable","16":"purchasable","17":"product-type-simple"},"_links":{"self":[{"href":"https:\/\/shop.laiteriedebelfaux.ch\/de\/wp-json\/wp\/v2\/product\/3254","targetHints":{"allow":["GET"]}}],"collection":[{"href":"https:\/\/shop.laiteriedebelfaux.ch\/de\/wp-json\/wp\/v2\/product"}],"about":[{"href":"https:\/\/shop.laiteriedebelfaux.ch\/de\/wp-json\/wp\/v2\/types\/product"}],"wp:featuredmedia":[{"embeddable":true,"href":"https:\/\/shop.laiteriedebelfaux.ch\/de\/wp-json\/wp\/v2\/media\/7542"}],"wp:attachment":[{"href":"https:\/\/shop.laiteriedebelfaux.ch\/de\/wp-json\/wp\/v2\/media?parent=3254"}],"wp:term":[{"taxonomy":"product_brand","embeddable":true,"href":"https:\/\/shop.laiteriedebelfaux.ch\/de\/wp-json\/wp\/v2\/product_brand?post=3254"},{"taxonomy":"product_cat","embeddable":true,"href":"https:\/\/shop.laiteriedebelfaux.ch\/de\/wp-json\/wp\/v2\/product_cat?post=3254"},{"taxonomy":"product_tag","embeddable":true,"href":"https:\/\/shop.laiteriedebelfaux.ch\/de\/wp-json\/wp\/v2\/product_tag?post=3254"}],"curies":[{"name":"wp","href":"https:\/\/api.w.org\/{rel}","templated":true}]}}