
{"id":3239,"date":"2019-02-07T16:27:34","date_gmt":"2019-02-07T15:27:34","guid":{"rendered":"https:\/\/laiteriedebelfaux.ch\/produit\/emmentaler-aop-extra\/"},"modified":"2023-02-08T11:57:35","modified_gmt":"2023-02-08T10:57:35","slug":"emmentaler-aop-extra","status":"publish","type":"product","link":"https:\/\/shop.laiteriedebelfaux.ch\/de\/produit\/emmentaler-aop-extra\/","title":{"rendered":"Emmentaler AOP extra"},"content":{"rendered":"<p>Emmentaler AOP ist ein Hartk\u00e4se aus dem Emmental im Kanton Bern. Aus Rohmilch hergestellt, ist er an seinen L\u00f6chern zu erkennen, welche sich w\u00e4hrend des Reifungsprozesses bilden.<\/p>\n","protected":false},"excerpt":{"rendered":"<p>Im Offenverkauf<\/p>\n<p><span class=\"prix-kg\">CHF 3.05 \/ 100g<\/span><\/p>\n<p>Intensives und vollmundiges Aroma Reifung: 12 Monate<\/p>\n","protected":false},"featured_media":2731,"template":"","meta":[],"product_brand":[],"product_cat":[170,167],"product_tag":[175,182,178,174],"class_list":{"0":"post-3239","1":"product","2":"type-product","3":"status-publish","4":"has-post-thumbnail","6":"product_cat-hartkase","7":"product_cat-schweizer-kase","8":"product_tag-hart","9":"product_tag-kuh","10":"product_tag-roh","11":"product_tag-schweiz","12":"product_shipping_class-forfaitaire-de","14":"first","15":"instock","16":"shipping-taxable","17":"purchasable","18":"product-type-variable"},"_links":{"self":[{"href":"https:\/\/shop.laiteriedebelfaux.ch\/de\/wp-json\/wp\/v2\/product\/3239","targetHints":{"allow":["GET"]}}],"collection":[{"href":"https:\/\/shop.laiteriedebelfaux.ch\/de\/wp-json\/wp\/v2\/product"}],"about":[{"href":"https:\/\/shop.laiteriedebelfaux.ch\/de\/wp-json\/wp\/v2\/types\/product"}],"wp:featuredmedia":[{"embeddable":true,"href":"https:\/\/shop.laiteriedebelfaux.ch\/de\/wp-json\/wp\/v2\/media\/2731"}],"wp:attachment":[{"href":"https:\/\/shop.laiteriedebelfaux.ch\/de\/wp-json\/wp\/v2\/media?parent=3239"}],"wp:term":[{"taxonomy":"product_brand","embeddable":true,"href":"https:\/\/shop.laiteriedebelfaux.ch\/de\/wp-json\/wp\/v2\/product_brand?post=3239"},{"taxonomy":"product_cat","embeddable":true,"href":"https:\/\/shop.laiteriedebelfaux.ch\/de\/wp-json\/wp\/v2\/product_cat?post=3239"},{"taxonomy":"product_tag","embeddable":true,"href":"https:\/\/shop.laiteriedebelfaux.ch\/de\/wp-json\/wp\/v2\/product_tag?post=3239"}],"curies":[{"name":"wp","href":"https:\/\/api.w.org\/{rel}","templated":true}]}}