
{"id":3215,"date":"2019-02-07T14:45:12","date_gmt":"2019-02-07T13:45:12","guid":{"rendered":"https:\/\/laiteriedebelfaux.ch\/produit\/der-pave-fleuri\/"},"modified":"2024-04-09T14:37:43","modified_gmt":"2024-04-09T12:37:43","slug":"der-pave-fleuri","status":"publish","type":"product","link":"https:\/\/shop.laiteriedebelfaux.ch\/de\/produit\/der-pave-fleuri\/","title":{"rendered":"Der &#8220;Pav\u00e9 fleuri&#8221;"},"content":{"rendered":"<p>Der Pav\u00e9 fleuri wird in l&#8217;Isle, im Kanton Waadt, in der K\u00e4serei Bessard hergestellt.<\/p>\n<p>Unter einer anthrazitfarbenen Kruste, welche mit Kr\u00e4utern des Jura-Fusses bestreut ist, verbirgt sich ein glatter und weicher Teig.<\/p>\n<p>Dieser von Hand gefertigte Tomme aus thermisierter Kuhmilch hat einen unvergleichlichen Geschmack. Er wird Liebhaber von leichtem, mildem K\u00e4se ansprechen und jene von kr\u00e4ftigem K\u00e4se \u00fcberraschen.<\/p>\n","protected":false},"excerpt":{"rendered":"<p>Im Offenverkauf<\/p>\n<p><span class=\"prix-kg\">CHF 3.15\/ 100 g<\/span><\/p>\n<p>Handgefertigter Tomme aus L&#8217;Isle VD<\/p>\n","protected":false},"featured_media":2728,"template":"","meta":[],"product_brand":[],"product_cat":[171,167],"product_tag":[176,182,178,174],"class_list":{"0":"post-3215","1":"product","2":"type-product","3":"status-publish","4":"has-post-thumbnail","6":"product_cat-halbhartkasesorten","7":"product_cat-schweizer-kase","8":"product_tag-halbhart","9":"product_tag-kuh","10":"product_tag-roh","11":"product_tag-schweiz","12":"product_shipping_class-forfaitaire-de","14":"first","15":"instock","16":"shipping-taxable","17":"purchasable","18":"product-type-variable"},"_links":{"self":[{"href":"https:\/\/shop.laiteriedebelfaux.ch\/de\/wp-json\/wp\/v2\/product\/3215","targetHints":{"allow":["GET"]}}],"collection":[{"href":"https:\/\/shop.laiteriedebelfaux.ch\/de\/wp-json\/wp\/v2\/product"}],"about":[{"href":"https:\/\/shop.laiteriedebelfaux.ch\/de\/wp-json\/wp\/v2\/types\/product"}],"wp:featuredmedia":[{"embeddable":true,"href":"https:\/\/shop.laiteriedebelfaux.ch\/de\/wp-json\/wp\/v2\/media\/2728"}],"wp:attachment":[{"href":"https:\/\/shop.laiteriedebelfaux.ch\/de\/wp-json\/wp\/v2\/media?parent=3215"}],"wp:term":[{"taxonomy":"product_brand","embeddable":true,"href":"https:\/\/shop.laiteriedebelfaux.ch\/de\/wp-json\/wp\/v2\/product_brand?post=3215"},{"taxonomy":"product_cat","embeddable":true,"href":"https:\/\/shop.laiteriedebelfaux.ch\/de\/wp-json\/wp\/v2\/product_cat?post=3215"},{"taxonomy":"product_tag","embeddable":true,"href":"https:\/\/shop.laiteriedebelfaux.ch\/de\/wp-json\/wp\/v2\/product_tag?post=3215"}],"curies":[{"name":"wp","href":"https:\/\/api.w.org\/{rel}","templated":true}]}}