
{"id":3183,"date":"2019-02-06T11:40:35","date_gmt":"2019-02-06T10:40:35","guid":{"rendered":"https:\/\/laiteriedebelfaux.ch\/produit\/der-marechal\/"},"modified":"2025-07-24T14:39:56","modified_gmt":"2025-07-24T12:39:56","slug":"der-marechal","status":"publish","type":"product","link":"https:\/\/shop.laiteriedebelfaux.ch\/de\/produit\/der-marechal\/","title":{"rendered":"Der Mar\u00e9chal"},"content":{"rendered":"<p>Der Mar\u00e9chal ist ein cremiger K\u00e4se aus Rohmilch, der aus der traditionellen K\u00e4serei der Familie Rapin in Granges-Marnand stammt.<\/p>\n<p>Eine Mischung aus aromatischen Bio-Kr\u00e4utern wird w\u00e4hrend der Pflege auf der Oberfl\u00e4che verteilt Die Reifung dauert mindestens 120 Tage.<\/p>\n","protected":false},"excerpt":{"rendered":"<p>Im Offenverkauf<\/p>\n<p><span class=\"prix-kg\">CHF 3.00\/ 100 g<\/span><\/p>\n","protected":false},"featured_media":2722,"template":"","meta":[],"product_brand":[],"product_cat":[170,167],"product_tag":[175,182,178,174],"class_list":{"0":"post-3183","1":"product","2":"type-product","3":"status-publish","4":"has-post-thumbnail","6":"product_cat-hartkase","7":"product_cat-schweizer-kase","8":"product_tag-hart","9":"product_tag-kuh","10":"product_tag-roh","11":"product_tag-schweiz","12":"product_shipping_class-forfaitaire-de","14":"first","15":"instock","16":"shipping-taxable","17":"purchasable","18":"product-type-variable"},"_links":{"self":[{"href":"https:\/\/shop.laiteriedebelfaux.ch\/de\/wp-json\/wp\/v2\/product\/3183","targetHints":{"allow":["GET"]}}],"collection":[{"href":"https:\/\/shop.laiteriedebelfaux.ch\/de\/wp-json\/wp\/v2\/product"}],"about":[{"href":"https:\/\/shop.laiteriedebelfaux.ch\/de\/wp-json\/wp\/v2\/types\/product"}],"wp:featuredmedia":[{"embeddable":true,"href":"https:\/\/shop.laiteriedebelfaux.ch\/de\/wp-json\/wp\/v2\/media\/2722"}],"wp:attachment":[{"href":"https:\/\/shop.laiteriedebelfaux.ch\/de\/wp-json\/wp\/v2\/media?parent=3183"}],"wp:term":[{"taxonomy":"product_brand","embeddable":true,"href":"https:\/\/shop.laiteriedebelfaux.ch\/de\/wp-json\/wp\/v2\/product_brand?post=3183"},{"taxonomy":"product_cat","embeddable":true,"href":"https:\/\/shop.laiteriedebelfaux.ch\/de\/wp-json\/wp\/v2\/product_cat?post=3183"},{"taxonomy":"product_tag","embeddable":true,"href":"https:\/\/shop.laiteriedebelfaux.ch\/de\/wp-json\/wp\/v2\/product_tag?post=3183"}],"curies":[{"name":"wp","href":"https:\/\/api.w.org\/{rel}","templated":true}]}}