
{"id":3167,"date":"2019-02-06T16:50:10","date_gmt":"2019-02-06T15:50:10","guid":{"rendered":"https:\/\/laiteriedebelfaux.ch\/produit\/3167\/"},"modified":"2023-02-10T09:30:33","modified_gmt":"2023-02-10T08:30:33","slug":"3167","status":"publish","type":"product","link":"https:\/\/shop.laiteriedebelfaux.ch\/de\/produit\/3167\/","title":{"rendered":"Der Mont-Vully Noir &#8220;R\u00e9serve&#8221;"},"content":{"rendered":"<p>R\u00e9serve der K\u00e4serei Cressier.<\/p>\n<p>Mont-Vully Noir wird bis zu sechs Monate l\u00e4nger gereift als der Mont-Vully Rouge. Dieser charaktervolle K\u00e4se ist daher k\u00f6rperreicher, ohne scharf zu sein und hat eine festere Konsistenz.<\/p>\n","protected":false},"excerpt":{"rendered":"<p>Im Offenverkauf<\/p>\n<p><span class=\"prix-kg\">CHF 3.00 \/ 100 g<\/span><\/p>\n<p>K\u00e4serei Crissier R\u00e9serve<\/p>\n<p>Mit Pinot Noir du Vully veredelt<\/p>\n","protected":false},"featured_media":2724,"template":"","meta":[],"product_brand":[],"product_cat":[171,167],"product_tag":[176,182,174,181],"class_list":{"0":"post-3167","1":"product","2":"type-product","3":"status-publish","4":"has-post-thumbnail","6":"product_cat-halbhartkasesorten","7":"product_cat-schweizer-kase","8":"product_tag-halbhart","9":"product_tag-kuh","10":"product_tag-schweiz","11":"product_tag-thermisiert","12":"product_shipping_class-forfaitaire-de","14":"first","15":"instock","16":"shipping-taxable","17":"purchasable","18":"product-type-variable"},"_links":{"self":[{"href":"https:\/\/shop.laiteriedebelfaux.ch\/de\/wp-json\/wp\/v2\/product\/3167","targetHints":{"allow":["GET"]}}],"collection":[{"href":"https:\/\/shop.laiteriedebelfaux.ch\/de\/wp-json\/wp\/v2\/product"}],"about":[{"href":"https:\/\/shop.laiteriedebelfaux.ch\/de\/wp-json\/wp\/v2\/types\/product"}],"wp:featuredmedia":[{"embeddable":true,"href":"https:\/\/shop.laiteriedebelfaux.ch\/de\/wp-json\/wp\/v2\/media\/2724"}],"wp:attachment":[{"href":"https:\/\/shop.laiteriedebelfaux.ch\/de\/wp-json\/wp\/v2\/media?parent=3167"}],"wp:term":[{"taxonomy":"product_brand","embeddable":true,"href":"https:\/\/shop.laiteriedebelfaux.ch\/de\/wp-json\/wp\/v2\/product_brand?post=3167"},{"taxonomy":"product_cat","embeddable":true,"href":"https:\/\/shop.laiteriedebelfaux.ch\/de\/wp-json\/wp\/v2\/product_cat?post=3167"},{"taxonomy":"product_tag","embeddable":true,"href":"https:\/\/shop.laiteriedebelfaux.ch\/de\/wp-json\/wp\/v2\/product_tag?post=3167"}],"curies":[{"name":"wp","href":"https:\/\/api.w.org\/{rel}","templated":true}]}}