
{"id":3159,"date":"2019-02-06T13:55:07","date_gmt":"2019-02-06T12:55:07","guid":{"rendered":"https:\/\/laiteriedebelfaux.ch\/produit\/der-mont-vully-rouge-classic\/"},"modified":"2023-02-10T09:34:13","modified_gmt":"2023-02-10T08:34:13","slug":"der-mont-vully-rouge-classic","status":"publish","type":"product","link":"https:\/\/shop.laiteriedebelfaux.ch\/de\/produit\/der-mont-vully-rouge-classic\/","title":{"rendered":"Der Mont-Vully Rouge &#8220;Classic&#8221;"},"content":{"rendered":"<p>Eine Spezialit\u00e4t aus dem freiburgischen Dorf Cressier. Das erste Laib Mont Vully reifte im Jahr 1994.<\/p>\n<p>W\u00e4hrend der gesamten Reifezeit wird jeder K\u00e4se liebevoll mit Pinot Noir von den H\u00e4ngen des Vully eingerieben und mit Annatto, einem 100% nat\u00fcrlichen Pflanzenextrak veredelt.<\/p>\n<p>Der k\u00f6stliche, halbharte Teig mit seiner weichen und zarten Textur ist an seiner hellgelben Elfenbeinfarbe leicht zu erkennen. Sein Geschmack ist mild, angenehm und leicht w\u00fcrzig.<\/p>\n","protected":false},"excerpt":{"rendered":"<p>Im Offenverkauf<\/p>\n<p><span class=\"prix-kg\">CHF 2.75 \/ 100 g<\/span><\/p>\n<p>Mit Pinot Noir du Vully veredelt.<\/p>\n<p>Milder, einfacher und leicht w\u00fcrziger Geschmack.<\/p>\n","protected":false},"featured_media":2723,"template":"","meta":[],"product_brand":[],"product_cat":[171,167],"product_tag":[176,182,174,181],"class_list":{"0":"post-3159","1":"product","2":"type-product","3":"status-publish","4":"has-post-thumbnail","6":"product_cat-halbhartkasesorten","7":"product_cat-schweizer-kase","8":"product_tag-halbhart","9":"product_tag-kuh","10":"product_tag-schweiz","11":"product_tag-thermisiert","12":"product_shipping_class-forfaitaire-de","14":"first","15":"instock","16":"shipping-taxable","17":"purchasable","18":"product-type-variable"},"_links":{"self":[{"href":"https:\/\/shop.laiteriedebelfaux.ch\/de\/wp-json\/wp\/v2\/product\/3159","targetHints":{"allow":["GET"]}}],"collection":[{"href":"https:\/\/shop.laiteriedebelfaux.ch\/de\/wp-json\/wp\/v2\/product"}],"about":[{"href":"https:\/\/shop.laiteriedebelfaux.ch\/de\/wp-json\/wp\/v2\/types\/product"}],"wp:featuredmedia":[{"embeddable":true,"href":"https:\/\/shop.laiteriedebelfaux.ch\/de\/wp-json\/wp\/v2\/media\/2723"}],"wp:attachment":[{"href":"https:\/\/shop.laiteriedebelfaux.ch\/de\/wp-json\/wp\/v2\/media?parent=3159"}],"wp:term":[{"taxonomy":"product_brand","embeddable":true,"href":"https:\/\/shop.laiteriedebelfaux.ch\/de\/wp-json\/wp\/v2\/product_brand?post=3159"},{"taxonomy":"product_cat","embeddable":true,"href":"https:\/\/shop.laiteriedebelfaux.ch\/de\/wp-json\/wp\/v2\/product_cat?post=3159"},{"taxonomy":"product_tag","embeddable":true,"href":"https:\/\/shop.laiteriedebelfaux.ch\/de\/wp-json\/wp\/v2\/product_tag?post=3159"}],"curies":[{"name":"wp","href":"https:\/\/api.w.org\/{rel}","templated":true}]}}