
{"id":2885,"date":"2018-11-14T22:50:15","date_gmt":"2018-11-14T21:50:15","guid":{"rendered":"https:\/\/laiteriedebelfaux.ch\/produit\/fonduemischung-marseille\/"},"modified":"2022-11-15T17:06:23","modified_gmt":"2022-11-15T16:06:23","slug":"fonduemischung-marseille","status":"publish","type":"product","link":"https:\/\/shop.laiteriedebelfaux.ch\/de\/produit\/fonduemischung-marseille\/","title":{"rendered":"Fonduemischung &#8220;Marseille\u201c"},"content":{"rendered":"<p>Ein geselliges Essen, bestehend aus Vacherin Fribourgeois AOP, Gruy\u00e8re AOP und einer Mischung aus aromatischen Kr\u00e4utern. Sie verleihen einem traditionellen Gericht eine originelle Note.<\/p>\n<p><strong>Rezept\u00a0f\u00fcr\u00a0 1 Person : \u00a0<\/strong><\/p>\n<p>200g\u00a0Fonduemischung<\/p>\n<p>0.6 dl\u00a0 trockenen Weisswein<\/p>\n<p>wenig gehackten Knoblauch<\/p>\n<p>Den Wein mit dem gehackten Knoblauch in einem Caquelon langsam erw\u00e4rmen, die Fonduemischung beigeben und unter st\u00e4ndigem R\u00fchren zu einer s\u00e4migen Creme aufkochen.<\/p>\n<p>Nach Belieben mit wenig Kirsch und etwas Pfeffer w\u00fcrzen.<\/p>\n<p>Ist das Fondue zu dickfl\u00fcssig, wenig Weisswein oder warmes Wasser beigeben.<\/p>\n<p>Den Caquelon auf ein Rechaud, bei mittlerer Flamme, stellen.<\/p>\n","protected":false},"excerpt":{"rendered":"<p>CHF 3.00 \/ 100 g<\/p>\n<p>K\u00e4sezubereitung f\u00fcr Fondue &#8220;Marseille&#8221;<\/p>\n<p>K\u00f6stlich, weich, einfach zuzubereiten, mit einem Hauch von Sonnenschein.<\/p>\n","protected":false},"featured_media":7563,"template":"","meta":[],"product_brand":[],"product_cat":[168,166,167],"product_tag":[173,179,182,174],"class_list":{"0":"post-2885","1":"product","2":"type-product","3":"status-publish","4":"has-post-thumbnail","6":"product_cat-hausgemachte-fonduemischungen","7":"product_cat-kase-aus-belfaux","8":"product_cat-schweizer-kase","9":"product_tag-belfaux-de","10":"product_tag-fonduemischung","11":"product_tag-kuh","12":"product_tag-schweiz","13":"product_shipping_class-forfaitaire-de","15":"first","16":"instock","17":"shipping-taxable","18":"purchasable","19":"product-type-variable"},"_links":{"self":[{"href":"https:\/\/shop.laiteriedebelfaux.ch\/de\/wp-json\/wp\/v2\/product\/2885","targetHints":{"allow":["GET"]}}],"collection":[{"href":"https:\/\/shop.laiteriedebelfaux.ch\/de\/wp-json\/wp\/v2\/product"}],"about":[{"href":"https:\/\/shop.laiteriedebelfaux.ch\/de\/wp-json\/wp\/v2\/types\/product"}],"wp:featuredmedia":[{"embeddable":true,"href":"https:\/\/shop.laiteriedebelfaux.ch\/de\/wp-json\/wp\/v2\/media\/7563"}],"wp:attachment":[{"href":"https:\/\/shop.laiteriedebelfaux.ch\/de\/wp-json\/wp\/v2\/media?parent=2885"}],"wp:term":[{"taxonomy":"product_brand","embeddable":true,"href":"https:\/\/shop.laiteriedebelfaux.ch\/de\/wp-json\/wp\/v2\/product_brand?post=2885"},{"taxonomy":"product_cat","embeddable":true,"href":"https:\/\/shop.laiteriedebelfaux.ch\/de\/wp-json\/wp\/v2\/product_cat?post=2885"},{"taxonomy":"product_tag","embeddable":true,"href":"https:\/\/shop.laiteriedebelfaux.ch\/de\/wp-json\/wp\/v2\/product_tag?post=2885"}],"curies":[{"name":"wp","href":"https:\/\/api.w.org\/{rel}","templated":true}]}}