
{"id":2879,"date":"2018-11-14T22:44:09","date_gmt":"2018-11-14T21:44:09","guid":{"rendered":"https:\/\/laiteriedebelfaux.ch\/produit\/hausgemachte-fonduemischung\/"},"modified":"2022-11-15T16:21:48","modified_gmt":"2022-11-15T15:21:48","slug":"hausgemachte-fonduemischung","status":"publish","type":"product","link":"https:\/\/shop.laiteriedebelfaux.ch\/de\/produit\/hausgemachte-fonduemischung\/","title":{"rendered":"Hausgemachte Fonduemischung"},"content":{"rendered":"<p>Die Hausmischung besteht aus Vacherin Fribourgeois AOP und Gruy\u00e8re AOP. Unser Nationalgericht ist auf der ganzen Welt bekannt.<\/p>\n<p>Dass Fondue ein so begehrtes Gericht ist, verdankt es nicht nur der guten Laune welche es verbreitet, sondern auch weil es ausgezeichnet schmeckt!<\/p>\n<p><strong>Rezept f\u00fcr 1 Person :<\/strong><\/p>\n<p><strong>200g<\/strong>\u00a0Fonduemischung<\/p>\n<p><strong>0.6 dl\u00a0<\/strong> trockenen Weisswein<\/p>\n<p>wenig gehackten Knoblauch<\/p>\n<p>Den Wein mit dem gehackten Knoblauch in einem Caquelon langsam erw\u00e4rmen, die Fonduemischung beigeben und unter st\u00e4ndigem R\u00fchren zu einer s\u00e4migen Creme aufkochen.<\/p>\n<p>Nach Belieben mit wenig Kirsch und etwas Pfeffer w\u00fcrzen.<\/p>\n<p>Ist das Fondue zu dickfl\u00fcssig, wenig Weisswein oder warmes Wasser beigeben.<\/p>\n<p>Den Caquelon auf ein Rechaud, bei mittlerer Flamme, stellen.<\/p>\n","protected":false},"excerpt":{"rendered":"<p><span class=\"prix-kg\">CHF 2.90\/ 100 g<\/span><\/p>\n<p>K\u00e4zezubereitung f\u00fcr Fondue Vacherin fribourgeois AOP et Gruy\u00e8re AOP<\/p>\n<p>einzigartig, lecker, geschmeidig, einfach zuzubereiten.<\/p>\n","protected":false},"featured_media":6064,"template":"","meta":[],"product_brand":[],"product_cat":[168,166,167],"product_tag":[173,179,182,174],"class_list":{"0":"post-2879","1":"product","2":"type-product","3":"status-publish","4":"has-post-thumbnail","6":"product_cat-hausgemachte-fonduemischungen","7":"product_cat-kase-aus-belfaux","8":"product_cat-schweizer-kase","9":"product_tag-belfaux-de","10":"product_tag-fonduemischung","11":"product_tag-kuh","12":"product_tag-schweiz","13":"product_shipping_class-forfaitaire-de","15":"first","16":"instock","17":"shipping-taxable","18":"purchasable","19":"product-type-variable"},"_links":{"self":[{"href":"https:\/\/shop.laiteriedebelfaux.ch\/de\/wp-json\/wp\/v2\/product\/2879","targetHints":{"allow":["GET"]}}],"collection":[{"href":"https:\/\/shop.laiteriedebelfaux.ch\/de\/wp-json\/wp\/v2\/product"}],"about":[{"href":"https:\/\/shop.laiteriedebelfaux.ch\/de\/wp-json\/wp\/v2\/types\/product"}],"wp:featuredmedia":[{"embeddable":true,"href":"https:\/\/shop.laiteriedebelfaux.ch\/de\/wp-json\/wp\/v2\/media\/6064"}],"wp:attachment":[{"href":"https:\/\/shop.laiteriedebelfaux.ch\/de\/wp-json\/wp\/v2\/media?parent=2879"}],"wp:term":[{"taxonomy":"product_brand","embeddable":true,"href":"https:\/\/shop.laiteriedebelfaux.ch\/de\/wp-json\/wp\/v2\/product_brand?post=2879"},{"taxonomy":"product_cat","embeddable":true,"href":"https:\/\/shop.laiteriedebelfaux.ch\/de\/wp-json\/wp\/v2\/product_cat?post=2879"},{"taxonomy":"product_tag","embeddable":true,"href":"https:\/\/shop.laiteriedebelfaux.ch\/de\/wp-json\/wp\/v2\/product_tag?post=2879"}],"curies":[{"name":"wp","href":"https:\/\/api.w.org\/{rel}","templated":true}]}}