
{"id":4330,"date":"2020-11-09T16:01:13","date_gmt":"2020-11-09T15:01:13","guid":{"rendered":"https:\/\/laiteriedebelfaux.ch\/faq\/"},"modified":"2020-11-09T16:01:14","modified_gmt":"2020-11-09T15:01:14","slug":"faq","status":"publish","type":"page","link":"https:\/\/shop.laiteriedebelfaux.ch\/de\/faq\/","title":{"rendered":"FAQ"},"content":{"rendered":"<section id='helpie-faq-69e114977e913' \n                class='helpie-faq accordions faq-toggle custom-styles open-first' \n                data-collection='' \n                data-pagination='0' \n                data-search='0' \n                data-pagination-enabled='0'\n                role='region'\n                aria-label='FAQ Section'\n                aria-live='polite'><article class=\"accordion \"><div class='helpie-faq-row'><div class='helpie-faq-col helpie-faq-col-12' ><ul><li class=\"accordion__item \"><div class=\"accordion__header \" \r\n                id=\"accordion-header-post-4357\"\r\n                role=\"button\"\r\n                aria-expanded=\"false\"\r\n                aria-controls=\"accordion-content-post-4357\"\r\n                data-id=\"post-4357\" \r\n                data-item=\"hfaq-post-4357\" \r\n                style=\"background:#FFFFFF;\" \r\n                data-tags=\"\"\r\n                tabindex=\"0\"><div class=\"accordion__title\">Est-ce que vous exp\u00e9diez \u00e0 l&#8217;\u00e9tranger ?<\/div><\/div><div id=\"accordion-content-post-4357\" \r\n                class=\"accordion__body\" \r\n                role=\"region\"\r\n                aria-labelledby=\"accordion-header-post-4357\"\r\n                style=\"background:#FCFCFC;\">\n<p>Actuellement, nous exp\u00e9dions nos produits uniquement en Suisse. <\/p>\n<\/div><\/li><li class=\"accordion__item \"><div class=\"accordion__header \" \r\n                id=\"accordion-header-post-4350\"\r\n                role=\"button\"\r\n                aria-expanded=\"false\"\r\n                aria-controls=\"accordion-content-post-4350\"\r\n                data-id=\"post-4350\" \r\n                data-item=\"hfaq-post-4350\" \r\n                style=\"background:#FFFFFF;\" \r\n                data-tags=\"\"\r\n                tabindex=\"0\"><div class=\"accordion__title\">Comment obtenir des points fid\u00e9lit\u00e9 ?<\/div><\/div><div id=\"accordion-content-post-4350\" \r\n                class=\"accordion__body\" \r\n                role=\"region\"\r\n                aria-labelledby=\"accordion-header-post-4350\"\r\n                style=\"background:#FCFCFC;\">\n<p>En cr\u00e9ant un compte client sur notre boutique en ligne, vous avez la possibilit\u00e9 de r\u00e9colter des points fid\u00e9lit\u00e9.<\/p>\n\n\n\n<p>Pour cela, il vous suffit de cocher la case \u00ab\u00a0cr\u00e9er un compte\u00a0\u00bb lors de votre inscription.<\/p>\n\n\n\n<p>Vous recevez un point par chf 10.- d\u2019achats.<\/p>\n\n\n\n<p>D\u00e8s 20 points obtenus, vous b\u00e9n\u00e9ficiez d\u2019une r\u00e9duction de -5% sur votre prochaine commande. <\/p>\n\n\n\n<p>Cette r\u00e9duction sp\u00e9ciale est \u00e0 usage unique et a une validit\u00e9 de 6 mois.<\/p>\n<\/div><\/li><li class=\"accordion__item \"><div class=\"accordion__header \" \r\n                id=\"accordion-header-post-4320\"\r\n                role=\"button\"\r\n                aria-expanded=\"false\"\r\n                aria-controls=\"accordion-content-post-4320\"\r\n                data-id=\"post-4320\" \r\n                data-item=\"hfaq-post-4320\" \r\n                style=\"background:#FFFFFF;\" \r\n                data-tags=\"\"\r\n                tabindex=\"0\"><div class=\"accordion__title\">Quand est-ce que je vais recevoir ma commande?<\/div><\/div><div id=\"accordion-content-post-4320\" \r\n                class=\"accordion__body\" \r\n                role=\"region\"\r\n                aria-labelledby=\"accordion-header-post-4320\"\r\n                style=\"background:#FCFCFC;\"><p>Les commandes, arriv\u00e9es et r\u00e9gl\u00e9es du lundi au jeudi avant 9h00, seront distribu\u00e9es, dans la mesure du possible, le lendemain.<\/p>\n<p>Les commandes, arriv\u00e9es et r\u00e9gl\u00e9es du vendredi au dimanche, seront envoy\u00e9es, dans la mesure du possible, le lundi suivant. Une facture acquitt\u00e9e accompagnera l\u2019envoi.<\/p>\n<p>Les d\u00e9lais de livraison indiqu\u00e9s ne sont donn\u00e9s qu\u2019\u00e0 titre indicatif et les retards \u00e9ventuels ne donnent pas le doit \u00e0 l\u2019acheteur d\u2019annuler la vente, de refuser la marchandise ou de r\u00e9clamer des dommages et int\u00e9r\u00eats.<\/p>\n\n\n<p><\/p>\n<\/div><\/li><li class=\"accordion__item \"><div class=\"accordion__header \" \r\n                id=\"accordion-header-post-4324\"\r\n                role=\"button\"\r\n                aria-expanded=\"false\"\r\n                aria-controls=\"accordion-content-post-4324\"\r\n                data-id=\"post-4324\" \r\n                data-item=\"hfaq-post-4324\" \r\n                style=\"background:#FFFFFF;\" \r\n                data-tags=\"\"\r\n                tabindex=\"0\"><div class=\"accordion__title\">Combien co\u00fbtent les frais de port?<\/div><\/div><div id=\"accordion-content-post-4324\" \r\n                class=\"accordion__body\" \r\n                role=\"region\"\r\n                aria-labelledby=\"accordion-header-post-4324\"\r\n                style=\"background:#FCFCFC;\"><p>Les produits sont envoy\u00e9s par la Poste en mode PostPack Priority au prix forfaitaire de CHF 10.- par commande.<\/p>\n<p>A partir de CHF 100.- de commande les frais de port sont offerts.<\/p>\n<\/div><\/li><\/ul><\/div><\/div><\/article><\/section>","protected":false},"excerpt":{"rendered":"","protected":false},"author":1,"featured_media":0,"parent":0,"menu_order":0,"comment_status":"closed","ping_status":"closed","template":"","meta":{"footnotes":""},"class_list":["post-4330","page","type-page","status-publish","hentry"],"_links":{"self":[{"href":"https:\/\/shop.laiteriedebelfaux.ch\/de\/wp-json\/wp\/v2\/pages\/4330","targetHints":{"allow":["GET"]}}],"collection":[{"href":"https:\/\/shop.laiteriedebelfaux.ch\/de\/wp-json\/wp\/v2\/pages"}],"about":[{"href":"https:\/\/shop.laiteriedebelfaux.ch\/de\/wp-json\/wp\/v2\/types\/page"}],"author":[{"embeddable":true,"href":"https:\/\/shop.laiteriedebelfaux.ch\/de\/wp-json\/wp\/v2\/users\/1"}],"replies":[{"embeddable":true,"href":"https:\/\/shop.laiteriedebelfaux.ch\/de\/wp-json\/wp\/v2\/comments?post=4330"}],"version-history":[{"count":0,"href":"https:\/\/shop.laiteriedebelfaux.ch\/de\/wp-json\/wp\/v2\/pages\/4330\/revisions"}],"wp:attachment":[{"href":"https:\/\/shop.laiteriedebelfaux.ch\/de\/wp-json\/wp\/v2\/media?parent=4330"}],"curies":[{"name":"wp","href":"https:\/\/api.w.org\/{rel}","templated":true}]}}