
{"id":3429,"date":"2019-09-20T11:11:42","date_gmt":"2019-09-20T09:11:42","guid":{"rendered":"https:\/\/laiteriedebelfaux.ch\/unsere-produkte\/"},"modified":"2019-09-20T11:12:46","modified_gmt":"2019-09-20T09:12:46","slug":"unsere-produkte","status":"publish","type":"page","link":"https:\/\/shop.laiteriedebelfaux.ch\/de\/unsere-produkte\/","title":{"rendered":"Unsere Produkte"},"content":{"rendered":"\n<ul class=\"wp-block-gallery aligncenter columns-1 is-cropped wp-block-gallery-1 is-layout-flex wp-block-gallery-is-layout-flex\"><li class=\"blocks-gallery-item\"><figure><img loading=\"lazy\" decoding=\"async\" width=\"1024\" height=\"683\" src=\"https:\/\/laiteriedebelfaux.ch\/newsite2018\/wp-content\/uploads\/2019\/02\/self-1-1024x683.jpg\" alt=\"\" data-id=\"2379\" data-link=\"https:\/\/laiteriedebelfaux.ch\/magasin\/self-4\/\" class=\"wp-image-2776\" srcset=\"https:\/\/shop.laiteriedebelfaux.ch\/newsite2018\/wp-content\/uploads\/2019\/02\/self-1-1024x683.jpg 1024w, https:\/\/shop.laiteriedebelfaux.ch\/newsite2018\/wp-content\/uploads\/2019\/02\/self-1-600x400.jpg 600w, https:\/\/shop.laiteriedebelfaux.ch\/newsite2018\/wp-content\/uploads\/2019\/02\/self-1-300x200.jpg 300w, https:\/\/shop.laiteriedebelfaux.ch\/newsite2018\/wp-content\/uploads\/2019\/02\/self-1-768x513.jpg 768w, https:\/\/shop.laiteriedebelfaux.ch\/newsite2018\/wp-content\/uploads\/2019\/02\/self-1-1170x781.jpg 1170w, https:\/\/shop.laiteriedebelfaux.ch\/newsite2018\/wp-content\/uploads\/2019\/02\/self-1-870x581.jpg 870w, https:\/\/shop.laiteriedebelfaux.ch\/newsite2018\/wp-content\/uploads\/2019\/02\/self-1-390x260.jpg 390w\" sizes=\"auto, (max-width: 1024px) 100vw, 1024px\" \/><\/figure><\/li><\/ul><p>Sie finden bei uns eine breite Auswahl an Produkten <strong>aus eigener Produktion:<\/strong><\/p>\n<ul>\n<li>Fondue moiti\u00e9-moiti\u00e9<\/li>\n<li>Fondue aus Freiburger Vacherin AOP<\/li>\n<li>Gruy\u00e8re AOP<\/li>\n<li>Freiburger Vacherin AOP <strong>aus Rohmilch<\/strong><\/li>\n<li>Raclettek\u00e4se (Nature, Pfeffer, Senf, Knoblauch, ger\u00e4uchert)<\/li>\n<li>S\u00e9rac und Tommes aus Kuhmilch<\/li>\n<li>Joghurts<\/li>\n<li>K\u00e4sereibutter<\/li>\n<li>Pasteurisierte Milch<\/li>\n<li>Doppelrahm<\/li>\n<li>Flans<\/li>\n<li>Glaces<\/li>\n<\/ul>\n<p>Sie finden auch eine gro\u00dfe Auswahl an K\u00e4se aus der Region sowie Spezialit\u00e4ten aus verschiedenen anderen Regionen.<\/p>\n\n<ul class=\"wp-block-gallery columns-1 is-cropped wp-block-gallery-2 is-layout-flex wp-block-gallery-is-layout-flex\"><li class=\"blocks-gallery-item\"><figure><img loading=\"lazy\" decoding=\"async\" width=\"1024\" height=\"683\" src=\"https:\/\/laiteriedebelfaux.ch\/newsite2018\/wp-content\/uploads\/2019\/02\/magasin-1-1024x683.jpg\" alt=\"\" data-id=\"2373\" data-link=\"https:\/\/laiteriedebelfaux.ch\/magasin\/magasin-7\/\" class=\"wp-image-2774\" srcset=\"https:\/\/shop.laiteriedebelfaux.ch\/newsite2018\/wp-content\/uploads\/2019\/02\/magasin-1-1024x683.jpg 1024w, https:\/\/shop.laiteriedebelfaux.ch\/newsite2018\/wp-content\/uploads\/2019\/02\/magasin-1-600x400.jpg 600w, https:\/\/shop.laiteriedebelfaux.ch\/newsite2018\/wp-content\/uploads\/2019\/02\/magasin-1-300x200.jpg 300w, https:\/\/shop.laiteriedebelfaux.ch\/newsite2018\/wp-content\/uploads\/2019\/02\/magasin-1-768x513.jpg 768w, https:\/\/shop.laiteriedebelfaux.ch\/newsite2018\/wp-content\/uploads\/2019\/02\/magasin-1-1170x781.jpg 1170w, https:\/\/shop.laiteriedebelfaux.ch\/newsite2018\/wp-content\/uploads\/2019\/02\/magasin-1-870x581.jpg 870w, https:\/\/shop.laiteriedebelfaux.ch\/newsite2018\/wp-content\/uploads\/2019\/02\/magasin-1-390x260.jpg 390w\" sizes=\"auto, (max-width: 1024px) 100vw, 1024px\" \/><\/figure><\/li><\/ul>\n<ul class=\"wp-block-gallery aligncenter columns-0 is-cropped wp-block-gallery-3 is-layout-flex wp-block-gallery-is-layout-flex\" \/><p><!--EndFragment--><\/p>\n","protected":false},"excerpt":{"rendered":"<p>Sie finden bei uns eine breite Auswahl an Produkten aus eigener Produktion: Fondue moiti\u00e9-moiti\u00e9 Fondue aus Freiburger Vacherin AOP Gruy\u00e8re AOP Freiburger Vacherin AOP aus Rohmilch Raclettek\u00e4se (Nature, Pfeffer, Senf, Knoblauch, ger\u00e4uchert) S\u00e9rac und Tommes aus Kuhmilch Joghurts K\u00e4sereibutter Pasteurisierte Milch Doppelrahm Flans Glaces Sie finden auch eine gro\u00dfe Auswahl an K\u00e4se aus der Region [&hellip;]<\/p>\n","protected":false},"author":1,"featured_media":0,"parent":0,"menu_order":0,"comment_status":"closed","ping_status":"closed","template":"","meta":{"footnotes":""},"class_list":["post-3429","page","type-page","status-publish","hentry"],"_links":{"self":[{"href":"https:\/\/shop.laiteriedebelfaux.ch\/de\/wp-json\/wp\/v2\/pages\/3429","targetHints":{"allow":["GET"]}}],"collection":[{"href":"https:\/\/shop.laiteriedebelfaux.ch\/de\/wp-json\/wp\/v2\/pages"}],"about":[{"href":"https:\/\/shop.laiteriedebelfaux.ch\/de\/wp-json\/wp\/v2\/types\/page"}],"author":[{"embeddable":true,"href":"https:\/\/shop.laiteriedebelfaux.ch\/de\/wp-json\/wp\/v2\/users\/1"}],"replies":[{"embeddable":true,"href":"https:\/\/shop.laiteriedebelfaux.ch\/de\/wp-json\/wp\/v2\/comments?post=3429"}],"version-history":[{"count":0,"href":"https:\/\/shop.laiteriedebelfaux.ch\/de\/wp-json\/wp\/v2\/pages\/3429\/revisions"}],"wp:attachment":[{"href":"https:\/\/shop.laiteriedebelfaux.ch\/de\/wp-json\/wp\/v2\/media?parent=3429"}],"curies":[{"name":"wp","href":"https:\/\/api.w.org\/{rel}","templated":true}]}}